{"id":1712,"date":"2025-06-17T14:19:09","date_gmt":"2025-06-17T14:19:09","guid":{"rendered":"https:\/\/aicourseguru.com\/politique-de-confidentialite\/"},"modified":"2025-12-09T15:54:01","modified_gmt":"2025-12-09T15:54:01","slug":"politique-de-confidentialite","status":"publish","type":"page","link":"https:\/\/aicourseguru.com\/fr\/politique-de-confidentialite\/","title":{"rendered":"Politique de confidentialit\u00e9"},"content":{"rendered":"<h2 data-start=\"134\" data-end=\"230\">Politique de confidentialit\u00e9<\/h2>\r\n<p data-start=\"134\" data-end=\"230\"><strong data-start=\"134\" data-end=\"171\">Derni\u00e8re mise \u00e0 jour : 04.07.2025<\/strong><br data-start=\"171\" data-end=\"174\" \/><strong data-start=\"174\" data-end=\"230\">Adresse e-mail de contact : support@aicourseguru.com<\/strong><\/p>\r\n<p data-start=\"232\" data-end=\"665\">La pr\u00e9sente politique de confidentialit\u00e9 explique comment Seturon (\u00ab nous \u00bb, \u00ab notre \u00bb ou \u00ab nos \u00bb) collecte, utilise, partage et prot\u00e8ge vos donn\u00e9es personnelles lorsque vous visitez et utilisez notre site web \u00e0 l\u2019adresse <a href=\"https:\/\/aicourseguru.com\/fr\/\" target=\"_new\" rel=\"noopener\" data-start=\"459\" data-end=\"503\">aicourseguru.com<\/a> (le \u00ab Site \u00bb) ainsi que nos services (la \u00ab Plateforme \u00bb), y compris lorsque vous g\u00e9n\u00e9rez des cours, des quiz et du contenu \u00e0 l\u2019aide de nos outils bas\u00e9s sur l\u2019IA.<\/p>\r\n<p data-start=\"667\" data-end=\"757\">En utilisant Seturon, vous acceptez les termes de cette politique de confidentialit\u00e9.<\/p>\r\n\r\n<h3 data-start=\"764\" data-end=\"809\">1. Quelles informations collectons-nous ?<\/h3>\r\n<p data-start=\"811\" data-end=\"957\"><strong data-start=\"811\" data-end=\"859\">Informations que vous fournissez directement<\/strong><br data-start=\"859\" data-end=\"862\" \/>Lorsque vous vous inscrivez, utilisez la plateforme ou nous contactez, nous pouvons collecter :<\/p>\r\n\r\n<ul data-start=\"959\" data-end=\"1451\">\r\n \t<li data-start=\"959\" data-end=\"1026\">\r\n<p data-start=\"961\" data-end=\"1026\"><strong data-start=\"961\" data-end=\"987\">Informations de compte<\/strong> : nom, adresse e-mail, mot de passe.<\/p>\r\n<\/li>\r\n \t<li data-start=\"1027\" data-end=\"1159\">\r\n<p data-start=\"1029\" data-end=\"1159\"><strong data-start=\"1029\" data-end=\"1050\">Contenu t\u00e9l\u00e9vers\u00e9<\/strong> : fichiers PDF, DOCX, PPTX, instructions textuelles ou tout autre fichier utilis\u00e9 pour g\u00e9n\u00e9rer du contenu.<\/p>\r\n<\/li>\r\n \t<li data-start=\"1160\" data-end=\"1341\">\r\n<p data-start=\"1162\" data-end=\"1341\"><strong data-start=\"1162\" data-end=\"1193\">Informations de facturation<\/strong> : si vous achetez un abonnement, vos donn\u00e9es de paiement sont trait\u00e9es par notre prestataire tiers (ex. Stripe) et ne sont pas stock\u00e9es par nous.<\/p>\r\n<\/li>\r\n \t<li data-start=\"1342\" data-end=\"1451\">\r\n<p data-start=\"1344\" data-end=\"1451\"><strong data-start=\"1344\" data-end=\"1367\">Demandes de support<\/strong> : toutes les informations que vous nous communiquez dans vos requ\u00eates d\u2019assistance.<\/p>\r\n<\/li>\r\n<\/ul>\r\n<p data-start=\"1453\" data-end=\"1590\"><strong data-start=\"1453\" data-end=\"1496\">Informations collect\u00e9es automatiquement<\/strong><br data-start=\"1496\" data-end=\"1499\" \/>Nous collectons certaines donn\u00e9es d\u2019utilisation pour maintenir et am\u00e9liorer la plateforme :<\/p>\r\n\r\n<ul data-start=\"1592\" data-end=\"1851\">\r\n \t<li data-start=\"1592\" data-end=\"1680\">\r\n<p data-start=\"1594\" data-end=\"1680\"><strong data-start=\"1594\" data-end=\"1616\">Donn\u00e9es de journal<\/strong> : adresse IP, type de navigateur, pages visit\u00e9es, horodatage.<\/p>\r\n<\/li>\r\n \t<li data-start=\"1681\" data-end=\"1759\">\r\n<p data-start=\"1683\" data-end=\"1759\"><strong data-start=\"1683\" data-end=\"1714\">Informations sur l\u2019appareil<\/strong> : type d\u2019appareil, syst\u00e8me d\u2019exploitation.<\/p>\r\n<\/li>\r\n \t<li data-start=\"1760\" data-end=\"1851\">\r\n<p data-start=\"1762\" data-end=\"1851\"><strong data-start=\"1762\" data-end=\"1773\">Cookies<\/strong> : cookies essentiels pour g\u00e9rer les sessions, les pr\u00e9f\u00e9rences et la s\u00e9curit\u00e9.<\/p>\r\n<\/li>\r\n<\/ul>\r\n<p data-start=\"1853\" data-end=\"1977\">Vous pouvez d\u00e9sactiver les cookies dans votre navigateur, mais cela peut limiter certaines fonctionnalit\u00e9s de la plateforme.<\/p>\r\n\r\n<h3 data-start=\"1984\" data-end=\"2032\">2. Comment utilisons-nous vos informations ?<\/h3>\r\n<p data-start=\"2034\" data-end=\"2072\">Nous utilisons vos informations pour :<\/p>\r\n\r\n<ul data-start=\"2074\" data-end=\"2441\">\r\n \t<li data-start=\"2074\" data-end=\"2133\">\r\n<p data-start=\"2076\" data-end=\"2133\">Fournir, op\u00e9rer et maintenir la plateforme Seturon<\/p>\r\n<\/li>\r\n \t<li data-start=\"2134\" data-end=\"2187\">\r\n<p data-start=\"2136\" data-end=\"2187\">G\u00e9n\u00e9rer et livrer du contenu p\u00e9dagogique via l\u2019IA<\/p>\r\n<\/li>\r\n \t<li data-start=\"2188\" data-end=\"2241\">\r\n<p data-start=\"2190\" data-end=\"2241\">Traiter les transactions et g\u00e9rer les abonnements<\/p>\r\n<\/li>\r\n \t<li data-start=\"2242\" data-end=\"2300\">\r\n<p data-start=\"2244\" data-end=\"2300\">Communiquer avec vous (ex. : assistance, mises \u00e0 jour)<\/p>\r\n<\/li>\r\n \t<li data-start=\"2301\" data-end=\"2360\">\r\n<p data-start=\"2303\" data-end=\"2360\">Am\u00e9liorer la plateforme \u00e0 l\u2019aide d\u2019analyses anonymis\u00e9es<\/p>\r\n<\/li>\r\n \t<li data-start=\"2361\" data-end=\"2441\">\r\n<p data-start=\"2363\" data-end=\"2441\">Faire respecter nos Conditions d\u2019utilisation et assurer l\u2019int\u00e9grit\u00e9 du syst\u00e8me<\/p>\r\n<\/li>\r\n<\/ul>\r\n<p data-start=\"2443\" data-end=\"2734\"><strong data-start=\"2443\" data-end=\"2458\">Important :<\/strong><br data-start=\"2458\" data-end=\"2461\" \/>Tout le contenu g\u00e9n\u00e9r\u00e9 via Seturon (y compris les le\u00e7ons et quiz) est trait\u00e9 et stock\u00e9 de mani\u00e8re s\u00e9curis\u00e9e, et <strong data-start=\"2578\" data-end=\"2634\">n\u2019est jamais utilis\u00e9 pour entra\u00eener nos mod\u00e8les d\u2019IA<\/strong>. Nous ne revendiquons aucun droit de propri\u00e9t\u00e9 sur vos fichiers t\u00e9l\u00e9vers\u00e9s ou les contenus g\u00e9n\u00e9r\u00e9s.<\/p>\r\n\r\n<h3 data-start=\"2741\" data-end=\"2798\">3. Base juridique du traitement (utilisateurs UE\/EEE)<\/h3>\r\n<p data-start=\"2800\" data-end=\"2901\">Si vous \u00eates situ\u00e9 dans l\u2019Espace \u00c9conomique Europ\u00e9en (EEE), notre base juridique d\u00e9pend du contexte :<\/p>\r\n\r\n<ul data-start=\"2903\" data-end=\"3190\">\r\n \t<li data-start=\"2903\" data-end=\"2975\">\r\n<p data-start=\"2905\" data-end=\"2975\"><strong data-start=\"2905\" data-end=\"2921\">Consentement<\/strong> \u2013 pour les cookies optionnels ou les communications<\/p>\r\n<\/li>\r\n \t<li data-start=\"2976\" data-end=\"3045\">\r\n<p data-start=\"2978\" data-end=\"3045\"><strong data-start=\"2978\" data-end=\"3005\">N\u00e9cessit\u00e9 contractuelle<\/strong> \u2013 pour fournir les services souscrits<\/p>\r\n<\/li>\r\n \t<li data-start=\"3046\" data-end=\"3116\">\r\n<p data-start=\"3048\" data-end=\"3116\"><strong data-start=\"3048\" data-end=\"3070\">Int\u00e9r\u00eats l\u00e9gitimes<\/strong> \u2013 pour s\u00e9curiser et am\u00e9liorer notre service<\/p>\r\n<\/li>\r\n \t<li data-start=\"3117\" data-end=\"3190\">\r\n<p data-start=\"3119\" data-end=\"3190\"><strong data-start=\"3119\" data-end=\"3142\">Obligations l\u00e9gales<\/strong> \u2013 si requis pour respecter les lois applicables<\/p>\r\n<\/li>\r\n<\/ul>\r\n<h3 data-start=\"3197\" data-end=\"3228\"><\/h3>\r\n<h3 data-start=\"3197\" data-end=\"3228\">4. Conservation des donn\u00e9es<\/h3>\r\n<p data-start=\"3230\" data-end=\"3488\">Nous conservons vos donn\u00e9es aussi longtemps que n\u00e9cessaire pour atteindre les objectifs d\u00e9crits ci-dessus ou comme requis par la loi.<br data-start=\"3363\" data-end=\"3366\" \/>Vous pouvez supprimer votre compte \u00e0 tout moment ; vos donn\u00e9es seront alors effac\u00e9es de nos syst\u00e8mes actifs sous 30 jours.<\/p>\r\n\r\n<h3 data-start=\"3495\" data-end=\"3529\"><\/h3>\r\n<h3 data-start=\"3495\" data-end=\"3529\">5. Partage de vos informations<\/h3>\r\n<p data-start=\"3531\" data-end=\"3611\">Nous ne vendons pas vos donn\u00e9es personnelles.<br data-start=\"3576\" data-end=\"3579\" \/>Nous pouvons les partager avec :<\/p>\r\n\r\n<ul data-start=\"3613\" data-end=\"3851\">\r\n \t<li data-start=\"3613\" data-end=\"3725\">\r\n<p data-start=\"3615\" data-end=\"3725\"><strong data-start=\"3615\" data-end=\"3643\">Fournisseurs de services<\/strong> : h\u00e9bergement, facturation, authentification et analyse (ex. Supabase, Stripe).<\/p>\r\n<\/li>\r\n \t<li data-start=\"3726\" data-end=\"3851\">\r\n<p data-start=\"3728\" data-end=\"3851\"><strong data-start=\"3728\" data-end=\"3749\">Autorit\u00e9s l\u00e9gales<\/strong> : si requis par la loi ou pour prot\u00e9ger nos droits l\u00e9gaux, pr\u00e9venir la fraude ou assurer la s\u00e9curit\u00e9.<\/p>\r\n<\/li>\r\n<\/ul>\r\n<p data-start=\"3853\" data-end=\"3927\">Tous nos prestataires tiers respectent le RGPD ou des normes \u00e9quivalentes.<\/p>\r\n\r\n<h3 data-start=\"3934\" data-end=\"3962\"><\/h3>\r\n<h3 data-start=\"3934\" data-end=\"3962\">6. Transferts de donn\u00e9es<\/h3>\r\n<p data-start=\"3964\" data-end=\"4179\">Toutes les donn\u00e9es sont stock\u00e9es et trait\u00e9es sur des serveurs situ\u00e9s dans l\u2019Union europ\u00e9enne.<br data-start=\"4057\" data-end=\"4060\" \/>Tout transfert hors EEE est effectu\u00e9 selon des m\u00e9canismes juridiques reconnus (ex. clauses contractuelles types \u2013 SCC).<\/p>\r\n\r\n<h3 data-start=\"4186\" data-end=\"4203\"><\/h3>\r\n<h3 data-start=\"4186\" data-end=\"4203\">7. Vos droits<\/h3>\r\n<p data-start=\"4205\" data-end=\"4275\">Selon votre lieu de r\u00e9sidence, vous pouvez avoir les droits suivants :<\/p>\r\n\r\n<ul data-start=\"4277\" data-end=\"4595\">\r\n \t<li data-start=\"4277\" data-end=\"4336\">\r\n<p data-start=\"4279\" data-end=\"4336\">Acc\u00e9der, corriger ou supprimer vos donn\u00e9es personnelles<\/p>\r\n<\/li>\r\n \t<li data-start=\"4337\" data-end=\"4389\">\r\n<p data-start=\"4339\" data-end=\"4389\">Vous opposer au traitement ou en limiter l\u2019usage<\/p>\r\n<\/li>\r\n \t<li data-start=\"4390\" data-end=\"4438\">\r\n<p data-start=\"4392\" data-end=\"4438\">Transf\u00e9rer vos donn\u00e9es vers un autre service<\/p>\r\n<\/li>\r\n \t<li data-start=\"4439\" data-end=\"4526\">\r\n<p data-start=\"4441\" data-end=\"4526\">Retirer votre consentement \u00e0 tout moment (pour les traitements fond\u00e9s sur celui-ci)<\/p>\r\n<\/li>\r\n \t<li data-start=\"4527\" data-end=\"4595\">\r\n<p data-start=\"4529\" data-end=\"4595\">D\u00e9poser une plainte aupr\u00e8s de l\u2019autorit\u00e9 de protection des donn\u00e9es<\/p>\r\n<\/li>\r\n<\/ul>\r\n<p data-start=\"4597\" data-end=\"4668\">Pour exercer vos droits, contactez-nous \u00e0 <strong>info@seturon.io<\/strong>.<\/p>\r\n\r\n<h3 data-start=\"4675\" data-end=\"4704\"><\/h3>\r\n<h3 data-start=\"4675\" data-end=\"4704\">8. Vie priv\u00e9e des enfants<\/h3>\r\n<p data-start=\"4706\" data-end=\"4932\">AIcourseGuru n\u2019est pas destin\u00e9 aux enfants de moins de 16 ans.<br data-start=\"4768\" data-end=\"4771\" \/>Nous ne collectons pas sciemment de donn\u00e9es les concernant.<br data-start=\"4830\" data-end=\"4833\" \/>Si vous pensez qu\u2019un mineur nous a transmis des donn\u00e9es personnelles, contactez-nous imm\u00e9diatement.<\/p>\r\n\r\n<h3 data-start=\"4939\" data-end=\"4954\">9. S\u00e9curit\u00e9<\/h3>\r\n<p data-start=\"4956\" data-end=\"5045\">Nous appliquons des pratiques de s\u00e9curit\u00e9 conformes aux standards du secteur, notamment :<\/p>\r\n\r\n<ul data-start=\"5047\" data-end=\"5208\">\r\n \t<li data-start=\"5047\" data-end=\"5083\">\r\n<p data-start=\"5049\" data-end=\"5083\">Chiffrement en transit (TLS 1.3)<\/p>\r\n<\/li>\r\n \t<li data-start=\"5084\" data-end=\"5118\">\r\n<p data-start=\"5086\" data-end=\"5118\">Chiffrement au repos (AES-256)<\/p>\r\n<\/li>\r\n \t<li data-start=\"5119\" data-end=\"5165\">\r\n<p data-start=\"5121\" data-end=\"5165\">Contr\u00f4le d\u2019acc\u00e8s bas\u00e9 sur les r\u00f4les (RBAC)<\/p>\r\n<\/li>\r\n \t<li data-start=\"5166\" data-end=\"5208\">\r\n<p data-start=\"5168\" data-end=\"5208\">Sauvegardes et surveillance quotidiennes<\/p>\r\n<\/li>\r\n<\/ul>\r\n<p data-start=\"5210\" data-end=\"5328\">Cependant, aucun syst\u00e8me n\u2019est totalement s\u00e9curis\u00e9. Utilisez un mot de passe fort et ne partagez pas vos identifiants.<\/p>\r\n\r\n<h3 data-start=\"5335\" data-end=\"5375\"><\/h3>\r\n<h3 data-start=\"5335\" data-end=\"5375\">10. Modifications de cette politique<\/h3>\r\n<p data-start=\"5377\" data-end=\"5620\">Nous pouvons mettre \u00e0 jour cette politique pour refl\u00e9ter des changements l\u00e9gaux, technologiques ou fonctionnels.<br data-start=\"5489\" data-end=\"5492\" \/>En cas de modification importante, vous serez inform\u00e9(e) par e-mail ou via le site. Veuillez consulter cette page r\u00e9guli\u00e8rement.<\/p>\r\n\r\n<h3 data-start=\"5627\" data-end=\"5649\"><\/h3>\r\n<h3 data-start=\"5627\" data-end=\"5649\">11. Contactez-nous<\/h3>\r\n<p data-start=\"5651\" data-end=\"5725\">Pour toute question ou demande li\u00e9e \u00e0 cette politique de confidentialit\u00e9 :<\/p>\r\n<p data-start=\"5727\" data-end=\"5778\"><strong data-start=\"5727\" data-end=\"5743\">AIcourseGuru<\/strong><br data-start=\"5743\" data-end=\"5746\" \/>Email : info@seturon.io<\/p>\r\n<!-- \/wp:post-content -->","protected":false},"excerpt":{"rendered":"<p>Politique de confidentialit\u00e9 Derni\u00e8re mise \u00e0 jour : 04.07.2025Adresse e-mail de contact : support@aicourseguru.com La pr\u00e9sente politique de confidentialit\u00e9 explique comment Seturon (\u00ab nous \u00bb, \u00ab notre \u00bb ou \u00ab nos \u00bb) collecte, utilise, partage et prot\u00e8ge vos donn\u00e9es personnelles lorsque vous visitez et utilisez notre site web \u00e0 l\u2019adresse aicourseguru.com (le \u00ab Site \u00bb) [&hellip;]<\/p>\n","protected":false},"author":1,"featured_media":0,"parent":0,"menu_order":0,"comment_status":"closed","ping_status":"closed","template":"","meta":{"inline_featured_image":false,"footnotes":""},"class_list":["post-1712","page","type-page","status-publish","hentry"],"yoast_head":"<!-- This site is optimized with the Yoast SEO plugin v25.4 - https:\/\/yoast.com\/wordpress\/plugins\/seo\/ -->\n<title>Politique de confidentialit\u00e9 - AICourseGuru<\/title>\n<meta name=\"description\" content=\"AIcourseGuru transforme vos fichiers ou vos id\u00e9es en le\u00e7ons magnifiquement structur\u00e9es avec des quiz. Pas d&#039;encombrement LMS, pas de formatage manuel - il suffit d&#039;exporter et de publier. Aucune carte de cr\u00e9dit n&#039;est n\u00e9cessaire.\" \/>\n<meta name=\"robots\" content=\"index, follow, max-snippet:-1, max-image-preview:large, max-video-preview:-1\" \/>\n<link rel=\"canonical\" href=\"https:\/\/aicourseguru.com\/fr\/politique-de-confidentialite\/\" \/>\n<meta property=\"og:locale\" content=\"fr_FR\" \/>\n<meta property=\"og:type\" content=\"article\" \/>\n<meta property=\"og:title\" content=\"Politique de confidentialit\u00e9 - AICourseGuru\" \/>\n<meta property=\"og:description\" content=\"AIcourseGuru transforme vos fichiers ou vos id\u00e9es en le\u00e7ons magnifiquement structur\u00e9es avec des quiz. Pas d&#039;encombrement LMS, pas de formatage manuel - il suffit d&#039;exporter et de publier. Aucune carte de cr\u00e9dit n&#039;est n\u00e9cessaire.\" \/>\n<meta property=\"og:url\" content=\"https:\/\/aicourseguru.com\/fr\/politique-de-confidentialite\/\" \/>\n<meta property=\"og:site_name\" content=\"AICourseGuru\" \/>\n<meta property=\"article:modified_time\" content=\"2025-12-09T15:54:01+00:00\" \/>\n<meta name=\"twitter:card\" content=\"summary_large_image\" \/>\n<meta name=\"twitter:label1\" content=\"Dur\u00e9e de lecture estim\u00e9e\" \/>\n\t<meta name=\"twitter:data1\" content=\"4 minutes\" \/>\n<script type=\"application\/ld+json\" class=\"yoast-schema-graph\">{\"@context\":\"https:\/\/schema.org\",\"@graph\":[{\"@type\":\"WebPage\",\"@id\":\"https:\/\/aicourseguru.com\/fr\/politique-de-confidentialite\/\",\"url\":\"https:\/\/aicourseguru.com\/fr\/politique-de-confidentialite\/\",\"name\":\"Politique de confidentialit\u00e9 - AICourseGuru\",\"isPartOf\":{\"@id\":\"https:\/\/aicourseguru.com\/fr\/#website\"},\"datePublished\":\"2025-06-17T14:19:09+00:00\",\"dateModified\":\"2025-12-09T15:54:01+00:00\",\"description\":\"AIcourseGuru transforme vos fichiers ou vos id\u00e9es en le\u00e7ons magnifiquement structur\u00e9es avec des quiz. Pas d'encombrement LMS, pas de formatage manuel - il suffit d'exporter et de publier. Aucune carte de cr\u00e9dit n'est n\u00e9cessaire.\",\"breadcrumb\":{\"@id\":\"https:\/\/aicourseguru.com\/fr\/politique-de-confidentialite\/#breadcrumb\"},\"inLanguage\":\"fr-FR\",\"potentialAction\":[{\"@type\":\"ReadAction\",\"target\":[\"https:\/\/aicourseguru.com\/fr\/politique-de-confidentialite\/\"]}]},{\"@type\":\"BreadcrumbList\",\"@id\":\"https:\/\/aicourseguru.com\/fr\/politique-de-confidentialite\/#breadcrumb\",\"itemListElement\":[{\"@type\":\"ListItem\",\"position\":1,\"name\":\"Accueil\",\"item\":\"https:\/\/aicourseguru.com\/fr\/\"},{\"@type\":\"ListItem\",\"position\":2,\"name\":\"Politique de confidentialit\u00e9\"}]},{\"@type\":\"WebSite\",\"@id\":\"https:\/\/aicourseguru.com\/fr\/#website\",\"url\":\"https:\/\/aicourseguru.com\/fr\/\",\"name\":\"AICourseGuru\",\"description\":\"AI-powered course authoring tool.\",\"potentialAction\":[{\"@type\":\"SearchAction\",\"target\":{\"@type\":\"EntryPoint\",\"urlTemplate\":\"https:\/\/aicourseguru.com\/fr\/?s={search_term_string}\"},\"query-input\":{\"@type\":\"PropertyValueSpecification\",\"valueRequired\":true,\"valueName\":\"search_term_string\"}}],\"inLanguage\":\"fr-FR\"}]}<\/script>\n<!-- \/ Yoast SEO plugin. -->","yoast_head_json":{"title":"Politique de confidentialit\u00e9 - AICourseGuru","description":"AIcourseGuru transforme vos fichiers ou vos id\u00e9es en le\u00e7ons magnifiquement structur\u00e9es avec des quiz. Pas d'encombrement LMS, pas de formatage manuel - il suffit d'exporter et de publier. Aucune carte de cr\u00e9dit n'est n\u00e9cessaire.","robots":{"index":"index","follow":"follow","max-snippet":"max-snippet:-1","max-image-preview":"max-image-preview:large","max-video-preview":"max-video-preview:-1"},"canonical":"https:\/\/aicourseguru.com\/fr\/politique-de-confidentialite\/","og_locale":"fr_FR","og_type":"article","og_title":"Politique de confidentialit\u00e9 - AICourseGuru","og_description":"AIcourseGuru transforme vos fichiers ou vos id\u00e9es en le\u00e7ons magnifiquement structur\u00e9es avec des quiz. Pas d'encombrement LMS, pas de formatage manuel - il suffit d'exporter et de publier. Aucune carte de cr\u00e9dit n'est n\u00e9cessaire.","og_url":"https:\/\/aicourseguru.com\/fr\/politique-de-confidentialite\/","og_site_name":"AICourseGuru","article_modified_time":"2025-12-09T15:54:01+00:00","twitter_card":"summary_large_image","twitter_misc":{"Dur\u00e9e de lecture estim\u00e9e":"4 minutes"},"schema":{"@context":"https:\/\/schema.org","@graph":[{"@type":"WebPage","@id":"https:\/\/aicourseguru.com\/fr\/politique-de-confidentialite\/","url":"https:\/\/aicourseguru.com\/fr\/politique-de-confidentialite\/","name":"Politique de confidentialit\u00e9 - AICourseGuru","isPartOf":{"@id":"https:\/\/aicourseguru.com\/fr\/#website"},"datePublished":"2025-06-17T14:19:09+00:00","dateModified":"2025-12-09T15:54:01+00:00","description":"AIcourseGuru transforme vos fichiers ou vos id\u00e9es en le\u00e7ons magnifiquement structur\u00e9es avec des quiz. Pas d'encombrement LMS, pas de formatage manuel - il suffit d'exporter et de publier. Aucune carte de cr\u00e9dit n'est n\u00e9cessaire.","breadcrumb":{"@id":"https:\/\/aicourseguru.com\/fr\/politique-de-confidentialite\/#breadcrumb"},"inLanguage":"fr-FR","potentialAction":[{"@type":"ReadAction","target":["https:\/\/aicourseguru.com\/fr\/politique-de-confidentialite\/"]}]},{"@type":"BreadcrumbList","@id":"https:\/\/aicourseguru.com\/fr\/politique-de-confidentialite\/#breadcrumb","itemListElement":[{"@type":"ListItem","position":1,"name":"Accueil","item":"https:\/\/aicourseguru.com\/fr\/"},{"@type":"ListItem","position":2,"name":"Politique de confidentialit\u00e9"}]},{"@type":"WebSite","@id":"https:\/\/aicourseguru.com\/fr\/#website","url":"https:\/\/aicourseguru.com\/fr\/","name":"AICourseGuru","description":"AI-powered course authoring tool.","potentialAction":[{"@type":"SearchAction","target":{"@type":"EntryPoint","urlTemplate":"https:\/\/aicourseguru.com\/fr\/?s={search_term_string}"},"query-input":{"@type":"PropertyValueSpecification","valueRequired":true,"valueName":"search_term_string"}}],"inLanguage":"fr-FR"}]}},"_links":{"self":[{"href":"https:\/\/aicourseguru.com\/fr\/wp-json\/wp\/v2\/pages\/1712","targetHints":{"allow":["GET"]}}],"collection":[{"href":"https:\/\/aicourseguru.com\/fr\/wp-json\/wp\/v2\/pages"}],"about":[{"href":"https:\/\/aicourseguru.com\/fr\/wp-json\/wp\/v2\/types\/page"}],"author":[{"embeddable":true,"href":"https:\/\/aicourseguru.com\/fr\/wp-json\/wp\/v2\/users\/1"}],"replies":[{"embeddable":true,"href":"https:\/\/aicourseguru.com\/fr\/wp-json\/wp\/v2\/comments?post=1712"}],"version-history":[{"count":10,"href":"https:\/\/aicourseguru.com\/fr\/wp-json\/wp\/v2\/pages\/1712\/revisions"}],"predecessor-version":[{"id":2011,"href":"https:\/\/aicourseguru.com\/fr\/wp-json\/wp\/v2\/pages\/1712\/revisions\/2011"}],"wp:attachment":[{"href":"https:\/\/aicourseguru.com\/fr\/wp-json\/wp\/v2\/media?parent=1712"}],"curies":[{"name":"wp","href":"https:\/\/api.w.org\/{rel}","templated":true}]}}