{"id":1710,"date":"2025-07-03T23:53:23","date_gmt":"2025-07-03T23:53:23","guid":{"rendered":"https:\/\/aicourseguru.com\/conditions-dutilisation\/"},"modified":"2025-07-30T13:26:52","modified_gmt":"2025-07-30T13:26:52","slug":"conditions-dutilisation","status":"publish","type":"page","link":"https:\/\/aicourseguru.com\/fr\/conditions-dutilisation\/","title":{"rendered":"Conditions d&rsquo;utilisation"},"content":{"rendered":"<h2>Conditions d\u2019utilisation<\/h2>\r\n<p data-start=\"163\" data-end=\"259\"><strong data-start=\"163\" data-end=\"200\">Derni\u00e8re mise \u00e0 jour : 04.07.2025<\/strong><br data-start=\"200\" data-end=\"203\" \/><strong data-start=\"203\" data-end=\"259\">Adresse e-mail de contact : info@seturon.io<\/strong><\/p>\r\n<p data-start=\"261\" data-end=\"551\">Ces Conditions G\u00e9n\u00e9rales d\u2019Utilisation (\u00ab Conditions \u00bb) r\u00e9gissent votre acc\u00e8s et votre utilisation d\u2019Seturon (\u00ab nous \u00bb, \u00ab notre \u00bb ou \u00ab nos \u00bb), y compris l\u2019ensemble des services et fonctionnalit\u00e9s accessibles via <a href=\"https:\/\/aicourseguru.com\/fr\/\" target=\"_new\" rel=\"noopener\" data-start=\"478\" data-end=\"530\">https:\/\/aicourseguru.com<\/a> (la \u00ab Plateforme \u00bb).<\/p>\r\n<p data-start=\"553\" data-end=\"678\">En utilisant Seturon, vous acceptez ces Conditions. Si vous n\u2019\u00eates pas d\u2019accord, veuillez ne pas utiliser la Plateforme.<\/p>\r\n\r\n<h3 data-start=\"685\" data-end=\"722\"><\/h3>\r\n<h3 data-start=\"685\" data-end=\"722\">1. Qui peut utiliser AIcourseGuru<\/h3>\r\n<p data-start=\"724\" data-end=\"872\">Vous devez avoir au moins 16 ans et la capacit\u00e9 juridique de conclure un contrat pour utiliser ce service. En cr\u00e9ant un compte, vous confirmez que :<\/p>\r\n\r\n<ul data-start=\"874\" data-end=\"1111\">\r\n \t<li data-start=\"874\" data-end=\"936\">\r\n<p data-start=\"876\" data-end=\"936\">Toutes les informations fournies sont exactes et compl\u00e8tes<\/p>\r\n<\/li>\r\n \t<li data-start=\"937\" data-end=\"1016\">\r\n<p data-start=\"939\" data-end=\"1016\">Vous n\u2019\u00eates pas interdit d\u2019acc\u00e8s au service selon la l\u00e9gislation applicable<\/p>\r\n<\/li>\r\n \t<li data-start=\"1017\" data-end=\"1111\">\r\n<p data-start=\"1019\" data-end=\"1111\">Vous conserverez vos identifiants de connexion en s\u00e9curit\u00e9 et ne partagerez pas votre compte<\/p>\r\n<\/li>\r\n<\/ul>\r\n<h3 data-start=\"1118\" data-end=\"1138\"><\/h3>\r\n<h3 data-start=\"1118\" data-end=\"1138\">2. Notre service<\/h3>\r\n<p data-start=\"1140\" data-end=\"1378\">AIcourseGuru est un outil de cr\u00e9ation de contenu p\u00e9dagogique permettant aux utilisateurs de g\u00e9n\u00e9rer, \u00e0 l\u2019aide de l\u2019IA, des supports structur\u00e9s tels que des le\u00e7ons, des quiz et des modules \u00e0 partir de fichiers ou d\u2019instructions textuelles.<\/p>\r\n<p data-start=\"1380\" data-end=\"1405\">Nous ne fournissons pas :<\/p>\r\n\r\n<ul data-start=\"1407\" data-end=\"1569\">\r\n \t<li data-start=\"1407\" data-end=\"1444\">\r\n<p data-start=\"1409\" data-end=\"1444\">D\u2019h\u00e9bergement pour les apprenants<\/p>\r\n<\/li>\r\n \t<li data-start=\"1445\" data-end=\"1500\">\r\n<p data-start=\"1447\" data-end=\"1500\">D\u2019outils de certification ou de suivi des \u00e9tudiants<\/p>\r\n<\/li>\r\n \t<li data-start=\"1501\" data-end=\"1569\">\r\n<p data-start=\"1503\" data-end=\"1569\">De vente directe ou de distribution aupr\u00e8s des utilisateurs finaux<\/p>\r\n<\/li>\r\n<\/ul>\r\n<p data-start=\"1571\" data-end=\"1674\">La Plateforme est con\u00e7ue pour vous aider \u00e0 cr\u00e9er, exporter et publier vos contenus de mani\u00e8re autonome.<\/p>\r\n\r\n<h3 data-start=\"1681\" data-end=\"1708\"><\/h3>\r\n<h3 data-start=\"1681\" data-end=\"1708\">3. Compte et abonnement<\/h3>\r\n<p data-start=\"1710\" data-end=\"1788\">Vous pouvez utiliser AIcourseGuru via un forfait gratuit ou un forfait payant.<\/p>\r\n<p data-start=\"1790\" data-end=\"1813\"><strong data-start=\"1790\" data-end=\"1811\">Forfait gratuit :<\/strong><\/p>\r\n\r\n<ul data-start=\"1814\" data-end=\"1886\">\r\n \t<li data-start=\"1814\" data-end=\"1851\">\r\n<p data-start=\"1816\" data-end=\"1851\">3 g\u00e9n\u00e9rations de contenu par mois<\/p>\r\n<\/li>\r\n \t<li data-start=\"1852\" data-end=\"1866\">\r\n<p data-start=\"1854\" data-end=\"1866\">Export PDF<\/p>\r\n<\/li>\r\n \t<li data-start=\"1867\" data-end=\"1886\">\r\n<p data-start=\"1869\" data-end=\"1886\">\u00c9diteur basique<\/p>\r\n<\/li>\r\n<\/ul>\r\n<p data-start=\"1888\" data-end=\"1910\"><strong data-start=\"1888\" data-end=\"1908\">Forfait payant :<\/strong><\/p>\r\n\r\n<ul data-start=\"1911\" data-end=\"2037\">\r\n \t<li data-start=\"1911\" data-end=\"1963\">\r\n<p data-start=\"1913\" data-end=\"1963\">50 cr\u00e9dits par mois (utilis\u00e9s par cours ou quiz)<\/p>\r\n<\/li>\r\n \t<li data-start=\"1964\" data-end=\"1990\">\r\n<p data-start=\"1966\" data-end=\"1990\">Export Notion et SCORM<\/p>\r\n<\/li>\r\n \t<li data-start=\"1991\" data-end=\"2037\">\r\n<p data-start=\"1993\" data-end=\"2037\">\u00c9diteur avanc\u00e9 et options de mise en forme<\/p>\r\n<\/li>\r\n<\/ul>\r\n<p data-start=\"2039\" data-end=\"2145\">Des cr\u00e9dits suppl\u00e9mentaires peuvent \u00eatre achet\u00e9s \u00e0 la demande. Tous les paiements sont trait\u00e9s via Stripe.<\/p>\r\n<p data-start=\"2147\" data-end=\"2319\">Les abonnements se renouvellent automatiquement sauf annulation avant la date de renouvellement. Vous pouvez g\u00e9rer ou annuler votre abonnement depuis votre tableau de bord.<\/p>\r\n\r\n<h3 data-start=\"2326\" data-end=\"2348\"><\/h3>\r\n<h3 data-start=\"2326\" data-end=\"2348\">4. Votre contenu<\/h3>\r\n<p data-start=\"2349\" data-end=\"2572\"><strong data-start=\"2349\" data-end=\"2394\">Vous restez propri\u00e9taire de votre contenu<\/strong><br data-start=\"2394\" data-end=\"2397\" \/>Vous conservez l\u2019enti\u00e8re propri\u00e9t\u00e9 des fichiers, instructions et r\u00e9sultats g\u00e9n\u00e9r\u00e9s via AIcourseGuru.<br data-start=\"2497\" data-end=\"2500\" \/>Nous ne revendiquons aucun droit sur vos contenus t\u00e9l\u00e9vers\u00e9s ou g\u00e9n\u00e9r\u00e9s.<\/p>\r\n<p data-start=\"2574\" data-end=\"2855\"><strong data-start=\"2574\" data-end=\"2611\">Licence d\u2019exploitation du service<\/strong><br data-start=\"2611\" data-end=\"2614\" \/>Afin de faire fonctionner la Plateforme, vous nous accordez une licence limit\u00e9e pour traiter, stocker et formater vos fichiers et r\u00e9sultats \u2014 uniquement dans le but de permettre les fonctionnalit\u00e9s comme la g\u00e9n\u00e9ration, l\u2019export ou l\u2019\u00e9dition.<\/p>\r\n<p data-start=\"2857\" data-end=\"2946\">Nous n\u2019utilisons jamais votre contenu pour entra\u00eener nos mod\u00e8les ni \u00e0 des fins publiques.<\/p>\r\n\r\n<h3 data-start=\"2953\" data-end=\"2982\"><\/h3>\r\n<h3 data-start=\"2953\" data-end=\"2982\">5. Utilisation acceptable<\/h3>\r\n<p data-start=\"2984\" data-end=\"3039\">Vous vous engagez \u00e0 ne pas utiliser AIcourseGuru pour :<\/p>\r\n\r\n<ul data-start=\"3041\" data-end=\"3326\">\r\n \t<li data-start=\"3041\" data-end=\"3107\">\r\n<p data-start=\"3043\" data-end=\"3107\">G\u00e9n\u00e9rer ou distribuer du contenu ill\u00e9gal, nuisible ou trompeur<\/p>\r\n<\/li>\r\n \t<li data-start=\"3108\" data-end=\"3183\">\r\n<p data-start=\"3110\" data-end=\"3183\">T\u00e9l\u00e9verser du contenu prot\u00e9g\u00e9 par des droits d\u2019auteur sans autorisation<\/p>\r\n<\/li>\r\n \t<li data-start=\"3184\" data-end=\"3271\">\r\n<p data-start=\"3186\" data-end=\"3271\">Faire de l\u2019ing\u00e9nierie inverse, du scraping ou toute utilisation automatis\u00e9e abusive<\/p>\r\n<\/li>\r\n \t<li data-start=\"3272\" data-end=\"3326\">\r\n<p data-start=\"3274\" data-end=\"3326\">Violer la loi ou porter atteinte aux droits d\u2019autrui<\/p>\r\n<\/li>\r\n<\/ul>\r\n<p data-start=\"3328\" data-end=\"3435\">Nous nous r\u00e9servons le droit de suspendre ou supprimer tout compte en cas de non-respect de ces conditions.<\/p>\r\n\r\n<h3 data-start=\"3442\" data-end=\"3473\"><\/h3>\r\n<h3 data-start=\"3442\" data-end=\"3473\">6. Propri\u00e9t\u00e9 intellectuelle<\/h3>\r\n<p data-start=\"3475\" data-end=\"3684\">L\u2019ensemble du contenu, du code, du design et de la technologie constituant AIcourseGuru est notre propri\u00e9t\u00e9 (ou celle de nos conc\u00e9dants) et est prot\u00e9g\u00e9 par les lois sur la propri\u00e9t\u00e9 intellectuelle applicables.<\/p>\r\n<p data-start=\"3686\" data-end=\"3802\">Vous ne pouvez copier, r\u00e9utiliser, revendre ou modifier aucune partie de la Plateforme, sauf autorisation explicite.<\/p>\r\n\r\n<h3 data-start=\"3809\" data-end=\"3842\"><\/h3>\r\n<h3 data-start=\"3809\" data-end=\"3842\">7. Contenu et limites de l\u2019IA<\/h3>\r\n<p data-start=\"3844\" data-end=\"3966\">AIcourseGuru utilise une IA g\u00e9n\u00e9rative avec r\u00e9cup\u00e9ration augment\u00e9e (RAG) pour produire du contenu \u00e0 partir de vos donn\u00e9es.<\/p>\r\n<p data-start=\"3968\" data-end=\"4000\">Vous comprenez et acceptez que :<\/p>\r\n\r\n<ul data-start=\"4002\" data-end=\"4400\">\r\n \t<li data-start=\"4002\" data-end=\"4083\">\r\n<p data-start=\"4004\" data-end=\"4083\">Le contenu g\u00e9n\u00e9r\u00e9 par l\u2019IA n\u2019est pas garanti exact ni juridiquement suffisant<\/p>\r\n<\/li>\r\n \t<li data-start=\"4084\" data-end=\"4166\">\r\n<p data-start=\"4086\" data-end=\"4166\">Vous \u00eates responsable de la v\u00e9rification et de la validation avant utilisation<\/p>\r\n<\/li>\r\n \t<li data-start=\"4167\" data-end=\"4278\">\r\n<p data-start=\"4169\" data-end=\"4278\">Nous proposons des outils pour d\u00e9tecter et corriger les erreurs, mais la responsabilit\u00e9 finale vous incombe<\/p>\r\n<\/li>\r\n \t<li data-start=\"4279\" data-end=\"4400\">\r\n<p data-start=\"4281\" data-end=\"4400\">Si vos contenus sont sensibles, r\u00e9glement\u00e9s ou destin\u00e9s \u00e0 des tiers, effectuez une relecture minutieuse avant diffusion<\/p>\r\n<\/li>\r\n<\/ul>\r\n<h3 data-start=\"4407\" data-end=\"4444\"><\/h3>\r\n<h3 data-start=\"4407\" data-end=\"4444\">8. Disponibilit\u00e9 et modifications<\/h3>\r\n<p data-start=\"4446\" data-end=\"4623\">Nous nous effor\u00e7ons de maintenir la Plateforme accessible et fonctionnelle, mais l\u2019acc\u00e8s peut \u00eatre temporairement suspendu pour maintenance, mises \u00e0 jour ou raisons de s\u00e9curit\u00e9.<\/p>\r\n<p data-start=\"4625\" data-end=\"4779\">Nous pouvons modifier les fonctionnalit\u00e9s, les tarifs ou les services \u00e0 tout moment. Les changements importants seront annonc\u00e9s via le site ou par e-mail.<\/p>\r\n\r\n<h3 data-start=\"4786\" data-end=\"4804\"><\/h3>\r\n<h3 data-start=\"4786\" data-end=\"4804\">9. R\u00e9siliation<\/h3>\r\n<p data-start=\"4806\" data-end=\"4978\">Vous pouvez supprimer votre compte \u00e0 tout moment. Nous pouvons suspendre ou supprimer votre acc\u00e8s en cas de violation des pr\u00e9sentes Conditions ou d\u2019usage abusif du service.<\/p>\r\n<p data-start=\"4980\" data-end=\"5070\">En cas de r\u00e9siliation, vos donn\u00e9es seront supprim\u00e9es de nos syst\u00e8mes actifs sous 30 jours.<\/p>\r\n\r\n<h3 data-start=\"5077\" data-end=\"5113\"><\/h3>\r\n<h3 data-start=\"5077\" data-end=\"5113\">10. Limitation de responsabilit\u00e9<\/h3>\r\n<p data-start=\"5115\" data-end=\"5323\">Dans la limite permise par la loi, Seturon est fourni \u00ab tel quel \u00bb, sans garantie d\u2019aucune sorte. Nous ne garantissons pas que les r\u00e9sultats soient exempts d\u2019erreurs ou adapt\u00e9s \u00e0 vos besoins sp\u00e9cifiques.<\/p>\r\n<p data-start=\"5325\" data-end=\"5367\">Nous d\u00e9clinons toute responsabilit\u00e9 pour :<\/p>\r\n\r\n<ul data-start=\"5369\" data-end=\"5513\">\r\n \t<li data-start=\"5369\" data-end=\"5421\">\r\n<p data-start=\"5371\" data-end=\"5421\">Toute perte de donn\u00e9es, de revenus ou de profits<\/p>\r\n<\/li>\r\n \t<li data-start=\"5422\" data-end=\"5462\">\r\n<p data-start=\"5424\" data-end=\"5462\">Contenu g\u00e9n\u00e9r\u00e9 incorrect ou trompeur<\/p>\r\n<\/li>\r\n \t<li data-start=\"5463\" data-end=\"5513\">\r\n<p data-start=\"5465\" data-end=\"5513\">Dommages indirects, accessoires ou cons\u00e9cutifs<\/p>\r\n<\/li>\r\n<\/ul>\r\n<p data-start=\"5515\" data-end=\"5632\">Notre responsabilit\u00e9 totale est limit\u00e9e au montant que vous avez pay\u00e9 (le cas \u00e9ch\u00e9ant) au cours des 12 derniers mois.<\/p>\r\n\r\n<h3 data-start=\"5639\" data-end=\"5660\"><\/h3>\r\n<h3 data-start=\"5639\" data-end=\"5660\">11. Indemnisation<\/h3>\r\n<p data-start=\"5662\" data-end=\"5847\">Vous acceptez de nous indemniser contre toute r\u00e9clamation, perte ou dommage r\u00e9sultant de votre utilisation de la Plateforme, de vos contenus ou de la violation des pr\u00e9sentes Conditions.<\/p>\r\n\r\n<h3 data-start=\"5854\" data-end=\"5884\"><\/h3>\r\n<h3 data-start=\"5854\" data-end=\"5884\">12. Protection des donn\u00e9es<\/h3>\r\n<p data-start=\"5886\" data-end=\"6078\">Nous traitons vos donn\u00e9es personnelles conform\u00e9ment \u00e0 notre Politique de confidentialit\u00e9. Toutes les donn\u00e9es sont stock\u00e9es et trait\u00e9es dans l\u2019Union europ\u00e9enne, en conformit\u00e9 avec le RGPD.<\/p>\r\n\r\n<h3 data-start=\"6085\" data-end=\"6109\"><\/h3>\r\n<h3 data-start=\"6085\" data-end=\"6109\">13. Droit applicable<\/h3>\r\n<p data-start=\"6111\" data-end=\"6302\">Les pr\u00e9sentes Conditions sont r\u00e9gies par les lois de l\u2019Union europ\u00e9enne et, le cas \u00e9ch\u00e9ant, par les lois du pays de r\u00e9sidence de l\u2019utilisateur, \u00e0 l\u2019exclusion des principes de conflit de lois.<\/p>\r\n<p data-start=\"6304\" data-end=\"6416\">Tout litige relatif \u00e0 ces Conditions sera soumis \u00e0 la juridiction des tribunaux comp\u00e9tents situ\u00e9s au Luxembourg.<\/p>\r\n\r\n<h3 data-start=\"6423\" data-end=\"6438\"><\/h3>\r\n<h3 data-start=\"6423\" data-end=\"6438\">14. Contact<\/h3>\r\n<p data-start=\"6440\" data-end=\"6525\">Pour toute question ou pr\u00e9occupation li\u00e9e \u00e0 ces Conditions, veuillez nous contacter :<\/p>\r\n<p data-start=\"6527\" data-end=\"6586\"><strong data-start=\"6527\" data-end=\"6551\">Support AIcourseGuru<\/strong><br data-start=\"6551\" data-end=\"6554\" \/>Email : info@seturon.io<\/p>\r\n<!-- \/wp:post-content -->","protected":false},"excerpt":{"rendered":"<p>Conditions d\u2019utilisation Derni\u00e8re mise \u00e0 jour : 04.07.2025Adresse e-mail de contact : info@seturon.io Ces Conditions G\u00e9n\u00e9rales d\u2019Utilisation (\u00ab Conditions \u00bb) r\u00e9gissent votre acc\u00e8s et votre utilisation d\u2019Seturon (\u00ab nous \u00bb, \u00ab notre \u00bb ou \u00ab nos \u00bb), y compris l\u2019ensemble des services et fonctionnalit\u00e9s accessibles via https:\/\/aicourseguru.com (la \u00ab Plateforme \u00bb). En utilisant Seturon, vous [&hellip;]<\/p>\n","protected":false},"author":2,"featured_media":0,"parent":0,"menu_order":0,"comment_status":"closed","ping_status":"closed","template":"","meta":{"inline_featured_image":false,"footnotes":""},"class_list":["post-1710","page","type-page","status-publish","hentry"],"yoast_head":"<!-- This site is optimized with the Yoast SEO plugin v25.4 - https:\/\/yoast.com\/wordpress\/plugins\/seo\/ -->\n<title>Conditions d&#039;utilisation - AICourseGuru<\/title>\n<meta name=\"description\" content=\"AIcourseGuru transforme vos fichiers ou vos id\u00e9es en le\u00e7ons magnifiquement structur\u00e9es avec des quiz. Pas d&#039;encombrement LMS, pas de formatage manuel - il suffit d&#039;exporter et de publier. Aucune carte de cr\u00e9dit n&#039;est n\u00e9cessaire.\" \/>\n<meta name=\"robots\" content=\"index, follow, max-snippet:-1, max-image-preview:large, max-video-preview:-1\" \/>\n<link rel=\"canonical\" href=\"https:\/\/aicourseguru.com\/fr\/conditions-dutilisation\/\" \/>\n<meta property=\"og:locale\" content=\"fr_FR\" \/>\n<meta property=\"og:type\" content=\"article\" \/>\n<meta property=\"og:title\" content=\"Conditions d&#039;utilisation - AICourseGuru\" \/>\n<meta property=\"og:description\" content=\"AIcourseGuru transforme vos fichiers ou vos id\u00e9es en le\u00e7ons magnifiquement structur\u00e9es avec des quiz. Pas d&#039;encombrement LMS, pas de formatage manuel - il suffit d&#039;exporter et de publier. Aucune carte de cr\u00e9dit n&#039;est n\u00e9cessaire.\" \/>\n<meta property=\"og:url\" content=\"https:\/\/aicourseguru.com\/fr\/conditions-dutilisation\/\" \/>\n<meta property=\"og:site_name\" content=\"AICourseGuru\" \/>\n<meta property=\"article:modified_time\" content=\"2025-07-30T13:26:52+00:00\" \/>\n<meta name=\"twitter:card\" content=\"summary_large_image\" \/>\n<meta name=\"twitter:label1\" content=\"Dur\u00e9e de lecture estim\u00e9e\" \/>\n\t<meta name=\"twitter:data1\" content=\"4 minutes\" \/>\n<script type=\"application\/ld+json\" class=\"yoast-schema-graph\">{\"@context\":\"https:\/\/schema.org\",\"@graph\":[{\"@type\":\"WebPage\",\"@id\":\"https:\/\/aicourseguru.com\/fr\/conditions-dutilisation\/\",\"url\":\"https:\/\/aicourseguru.com\/fr\/conditions-dutilisation\/\",\"name\":\"Conditions d'utilisation - AICourseGuru\",\"isPartOf\":{\"@id\":\"https:\/\/aicourseguru.com\/fr\/#website\"},\"datePublished\":\"2025-07-03T23:53:23+00:00\",\"dateModified\":\"2025-07-30T13:26:52+00:00\",\"description\":\"AIcourseGuru transforme vos fichiers ou vos id\u00e9es en le\u00e7ons magnifiquement structur\u00e9es avec des quiz. Pas d'encombrement LMS, pas de formatage manuel - il suffit d'exporter et de publier. Aucune carte de cr\u00e9dit n'est n\u00e9cessaire.\",\"breadcrumb\":{\"@id\":\"https:\/\/aicourseguru.com\/fr\/conditions-dutilisation\/#breadcrumb\"},\"inLanguage\":\"fr-FR\",\"potentialAction\":[{\"@type\":\"ReadAction\",\"target\":[\"https:\/\/aicourseguru.com\/fr\/conditions-dutilisation\/\"]}]},{\"@type\":\"BreadcrumbList\",\"@id\":\"https:\/\/aicourseguru.com\/fr\/conditions-dutilisation\/#breadcrumb\",\"itemListElement\":[{\"@type\":\"ListItem\",\"position\":1,\"name\":\"Accueil\",\"item\":\"https:\/\/aicourseguru.com\/fr\/\"},{\"@type\":\"ListItem\",\"position\":2,\"name\":\"Conditions d&#8217;utilisation\"}]},{\"@type\":\"WebSite\",\"@id\":\"https:\/\/aicourseguru.com\/fr\/#website\",\"url\":\"https:\/\/aicourseguru.com\/fr\/\",\"name\":\"AICourseGuru\",\"description\":\"AI-powered course authoring tool.\",\"potentialAction\":[{\"@type\":\"SearchAction\",\"target\":{\"@type\":\"EntryPoint\",\"urlTemplate\":\"https:\/\/aicourseguru.com\/fr\/?s={search_term_string}\"},\"query-input\":{\"@type\":\"PropertyValueSpecification\",\"valueRequired\":true,\"valueName\":\"search_term_string\"}}],\"inLanguage\":\"fr-FR\"}]}<\/script>\n<!-- \/ Yoast SEO plugin. -->","yoast_head_json":{"title":"Conditions d'utilisation - AICourseGuru","description":"AIcourseGuru transforme vos fichiers ou vos id\u00e9es en le\u00e7ons magnifiquement structur\u00e9es avec des quiz. Pas d'encombrement LMS, pas de formatage manuel - il suffit d'exporter et de publier. Aucune carte de cr\u00e9dit n'est n\u00e9cessaire.","robots":{"index":"index","follow":"follow","max-snippet":"max-snippet:-1","max-image-preview":"max-image-preview:large","max-video-preview":"max-video-preview:-1"},"canonical":"https:\/\/aicourseguru.com\/fr\/conditions-dutilisation\/","og_locale":"fr_FR","og_type":"article","og_title":"Conditions d'utilisation - AICourseGuru","og_description":"AIcourseGuru transforme vos fichiers ou vos id\u00e9es en le\u00e7ons magnifiquement structur\u00e9es avec des quiz. Pas d'encombrement LMS, pas de formatage manuel - il suffit d'exporter et de publier. Aucune carte de cr\u00e9dit n'est n\u00e9cessaire.","og_url":"https:\/\/aicourseguru.com\/fr\/conditions-dutilisation\/","og_site_name":"AICourseGuru","article_modified_time":"2025-07-30T13:26:52+00:00","twitter_card":"summary_large_image","twitter_misc":{"Dur\u00e9e de lecture estim\u00e9e":"4 minutes"},"schema":{"@context":"https:\/\/schema.org","@graph":[{"@type":"WebPage","@id":"https:\/\/aicourseguru.com\/fr\/conditions-dutilisation\/","url":"https:\/\/aicourseguru.com\/fr\/conditions-dutilisation\/","name":"Conditions d'utilisation - AICourseGuru","isPartOf":{"@id":"https:\/\/aicourseguru.com\/fr\/#website"},"datePublished":"2025-07-03T23:53:23+00:00","dateModified":"2025-07-30T13:26:52+00:00","description":"AIcourseGuru transforme vos fichiers ou vos id\u00e9es en le\u00e7ons magnifiquement structur\u00e9es avec des quiz. Pas d'encombrement LMS, pas de formatage manuel - il suffit d'exporter et de publier. Aucune carte de cr\u00e9dit n'est n\u00e9cessaire.","breadcrumb":{"@id":"https:\/\/aicourseguru.com\/fr\/conditions-dutilisation\/#breadcrumb"},"inLanguage":"fr-FR","potentialAction":[{"@type":"ReadAction","target":["https:\/\/aicourseguru.com\/fr\/conditions-dutilisation\/"]}]},{"@type":"BreadcrumbList","@id":"https:\/\/aicourseguru.com\/fr\/conditions-dutilisation\/#breadcrumb","itemListElement":[{"@type":"ListItem","position":1,"name":"Accueil","item":"https:\/\/aicourseguru.com\/fr\/"},{"@type":"ListItem","position":2,"name":"Conditions d&#8217;utilisation"}]},{"@type":"WebSite","@id":"https:\/\/aicourseguru.com\/fr\/#website","url":"https:\/\/aicourseguru.com\/fr\/","name":"AICourseGuru","description":"AI-powered course authoring tool.","potentialAction":[{"@type":"SearchAction","target":{"@type":"EntryPoint","urlTemplate":"https:\/\/aicourseguru.com\/fr\/?s={search_term_string}"},"query-input":{"@type":"PropertyValueSpecification","valueRequired":true,"valueName":"search_term_string"}}],"inLanguage":"fr-FR"}]}},"_links":{"self":[{"href":"https:\/\/aicourseguru.com\/fr\/wp-json\/wp\/v2\/pages\/1710","targetHints":{"allow":["GET"]}}],"collection":[{"href":"https:\/\/aicourseguru.com\/fr\/wp-json\/wp\/v2\/pages"}],"about":[{"href":"https:\/\/aicourseguru.com\/fr\/wp-json\/wp\/v2\/types\/page"}],"author":[{"embeddable":true,"href":"https:\/\/aicourseguru.com\/fr\/wp-json\/wp\/v2\/users\/2"}],"replies":[{"embeddable":true,"href":"https:\/\/aicourseguru.com\/fr\/wp-json\/wp\/v2\/comments?post=1710"}],"version-history":[{"count":11,"href":"https:\/\/aicourseguru.com\/fr\/wp-json\/wp\/v2\/pages\/1710\/revisions"}],"predecessor-version":[{"id":1999,"href":"https:\/\/aicourseguru.com\/fr\/wp-json\/wp\/v2\/pages\/1710\/revisions\/1999"}],"wp:attachment":[{"href":"https:\/\/aicourseguru.com\/fr\/wp-json\/wp\/v2\/media?parent=1710"}],"curies":[{"name":"wp","href":"https:\/\/api.w.org\/{rel}","templated":true}]}}