{"id":1698,"date":"2023-09-06T03:37:52","date_gmt":"2023-09-06T03:37:52","guid":{"rendered":"https:\/\/aicourseguru.com\/plan-de-tarification\/"},"modified":"2025-07-29T22:18:39","modified_gmt":"2025-07-29T22:18:39","slug":"plan-de-tarification","status":"publish","type":"page","link":"https:\/\/aicourseguru.com\/fr\/plan-de-tarification\/","title":{"rendered":"Plan de tarification"},"content":{"rendered":"\t\t<div data-elementor-type=\"wp-page\" data-elementor-id=\"1698\" class=\"elementor elementor-1698 elementor-46\" data-elementor-post-type=\"page\">\n\t\t\t\t\t\t<section class=\"elementor-section elementor-top-section elementor-element elementor-element-8e30469 elementor-section-full_width elementor-section-height-default elementor-section-height-default\" data-id=\"8e30469\" data-element_type=\"section\">\n\t\t\t\t\t\t<div class=\"elementor-container elementor-column-gap-no\">\n\t\t\t\t\t<div class=\"elementor-column elementor-col-100 elementor-top-column elementor-element elementor-element-58c56ef\" data-id=\"58c56ef\" data-element_type=\"column\">\n\t\t\t<div class=\"elementor-widget-wrap elementor-element-populated\">\n\t\t\t\t\t\t<div class=\"elementor-element elementor-element-5492971 elementor-align-left elementor-widget elementor-widget-bdevs-page-title\" data-id=\"5492971\" data-element_type=\"widget\" data-widget_type=\"bdevs-page-title.default\">\n\t\t\t\t<div class=\"elementor-widget-container\">\n\t\t\t\t\t \r\n\r\n<div class=\"page-title-area\">\r\n\t<div class=\"container\">\r\n\t\t<div class=\"content text-center\">\r\n\t\t\t\t\t\t\t<h1>Tarifs<\/h1>\r\n\t\t\t\t\t\t<ul class=\"list-unstyled\">\r\n\t\t\t\t\t\t\t\t\t\t\t\t\t\t\t\t\t\t\t\t\t\t<li class=\"d-inline\">\r\n\t\t\t\t\t\t\t\t<a href=\"https:\/\/shtheme.com\/demosd\/samu\/\">\r\n\t\t\t\t\t\t\t\t\tHome\t\t\t\t\t\t\t\t<\/a>\r\n\t\t\t\t\t\t\t<\/li>\r\n\t\t\t\t\t\t\t\t\t\t\t\t\t\t\t\t\t\t\t\t\t\t\t\t\t\t\t\t\t\t\t\t\t<li class=\"d-inline\">\/<\/li>\r\n\t\t\t\t\t\t\t<li class=\"d-inline active\">\r\n\t\t\t\t\t\t\t\tPricing\t\t\t\t\t\t\t<\/li>\r\n\t\t\t\t\t\t\t\t\t\t\t\t\t\t\t\t\t\t<\/ul>\r\n\t\t<\/div>\r\n\t<\/div>\r\n<\/div>\r\n\r\n<style type=\"text\/css\">\r\n\t.page-title-area{\r\n\t\tbackground-image: url(https:\/\/shtheme.com\/demosd\/samu\/wp-content\/uploads\/2023\/10\/page-title-bg.png);\r\n\t}\r\n<\/style>\r\n\t\t\t\t<\/div>\n\t\t\t\t<\/div>\n\t\t\t\t\t<\/div>\n\t\t<\/div>\n\t\t\t\t\t<\/div>\n\t\t<\/section>\n\t\t\t\t<section class=\"elementor-section elementor-top-section elementor-element elementor-element-20723f1 elementor-section-full_width elementor-section-height-default elementor-section-height-default\" data-id=\"20723f1\" data-element_type=\"section\">\n\t\t\t\t\t\t<div class=\"elementor-container elementor-column-gap-no\">\n\t\t\t\t\t<div class=\"elementor-column elementor-col-100 elementor-top-column elementor-element elementor-element-9cd181d\" data-id=\"9cd181d\" data-element_type=\"column\">\n\t\t\t<div class=\"elementor-widget-wrap elementor-element-populated\">\n\t\t\t\t\t\t<div class=\"elementor-element elementor-element-82a8f67 elementor-align-left elementor-widget elementor-widget-bdevs-pricing-home1\" data-id=\"82a8f67\" data-element_type=\"widget\" data-widget_type=\"bdevs-pricing-home1.default\">\n\t\t\t\t<div class=\"elementor-widget-container\">\n\t\t\t\t\t \r\n\r\n<section id=\"pricing\" class=\"pricing-area pricing-4\">\r\n\t<div class=\"container\">\r\n\t\t<div class=\"section-title\">\r\n\t\t\t\t\t\t\t\t<\/div>\r\n\t\t<div class=\"row justify-content-center\">\r\n\t\t\t\t\t\t\t<div class=\"col-sm-6 col-lg-4\">\r\n\t\t\t\t\t<div class=\"item-single mb-30\">\r\n\t\t\t\t\t\t<div class=\"content\">\r\n\t\t\t\t\t\t\t\t\t\t\t\t\t\t\t<h3 class=\"label\">Gratuit<\/h3>\r\n\t\t\t\t\t\t\t\t\t\t\t\t\t\t<span>\r\n\t\t\t\t\t\t\t\t\t\t\t\t\t\t\t\t\t<span class=\"price\">$0<\/span>\r\n\t\t\t\t\t\t\t\t\t\t\t\t\t\t\t\t\t\t\t\t\t\t\t\t\t\t\t\t\t\t\t<\/span>\r\n\t\t\t\t\t\t<\/div>\r\n\t\t\t\t\t\t<ul class=\"item-list list-unstyled p-0\">\r\n\t\t\t\t\t\t\t<li>30 cr\u00e9dits (cinq cours moyens)<\/li>\n<li>Export PDF<\/li>\n<li>Acc\u00e8s \u00e0 l\u2019\u00e9diteur basique<\/li>\n<li>Achat de cr\u00e9dits suppl\u00e9mentaires<\/li>\t\t\t\t\t\t<\/ul>\r\n\t\t\t\t\t\t\t\t\t\t\t\t\t<a href=\"https:\/\/app.aicourseguru.com\/fr\" class=\"btn primary-btn primary-btn-4\">\r\n\t\t\t\t\t\t\t\tCommencer\t\t\t\t\t\t\t<\/a>\r\n\t\t\t\t\t\t\t\t\t\t\t<\/div>\r\n\t\t\t\t<\/div>\r\n\t\t\t\t\t\t\t<div class=\"col-sm-6 col-lg-4\">\r\n\t\t\t\t\t<div class=\"item-single mb-30\">\r\n\t\t\t\t\t\t<div class=\"content\">\r\n\t\t\t\t\t\t\t\t\t\t\t\t\t\t\t<h3 class=\"label\">Premium<\/h3>\r\n\t\t\t\t\t\t\t\t\t\t\t\t\t\t<span>\r\n\t\t\t\t\t\t\t\t\t\t\t\t\t\t\t\t\t<span class=\"price\">$5<\/span>\r\n\t\t\t\t\t\t\t\t\t\t\t\t\t\t\t\t\t\t\t\t\t\t\t\t\t<span class=\"slash\">\/<\/span> \r\n\t\t\t\t\t\t\t\t\t\t\t\t\t\t\t\t\t\t\t\t\t\t\t\t\t<span>mois<\/span>\r\n\t\t\t\t\t\t\t\t\t\t\t\t\t\t\t<\/span>\r\n\t\t\t\t\t\t<\/div>\r\n\t\t\t\t\t\t<ul class=\"item-list list-unstyled p-0\">\r\n\t\t\t\t\t\t\t<li>50 cr\u00e9dits (cinq cours moyens)<\/li>\n<li>Export PDF, Notion et SCORM<\/li>\n<li>Acc\u00e8s \u00e0 l\u2019\u00e9diteur avanc\u00e9<\/li>\n<li>Cr\u00e9dits suppl\u00e9mentaires<\/li>\t\t\t\t\t\t<\/ul>\r\n\t\t\t\t\t\t\t\t\t\t\t\t\t<a href=\"https:\/\/app.aicourseguru.com\/fr\" class=\"btn primary-btn primary-btn-4\">\r\n\t\t\t\t\t\t\t\tCommencer\t\t\t\t\t\t\t<\/a>\r\n\t\t\t\t\t\t\t\t\t\t\t<\/div>\r\n\t\t\t\t<\/div>\r\n\t\t\t\t\t\t\t<div class=\"col-sm-6 col-lg-4\">\r\n\t\t\t\t\t<div class=\"item-single mb-30\">\r\n\t\t\t\t\t\t<div class=\"content\">\r\n\t\t\t\t\t\t\t\t\t\t\t\t\t\t\t<h3 class=\"label\">Cr\u00e9dits suppl\u00e9mentaires<\/h3>\r\n\t\t\t\t\t\t\t\t\t\t\t\t\t\t<span>\r\n\t\t\t\t\t\t\t\t\t\t\t\t\t\t\t\t\t<span class=\"price\">$2.5<\/span>\r\n\t\t\t\t\t\t\t\t\t\t\t\t\t\t\t\t\t\t\t\t\t\t\t\t\t<span class=\"slash\">\/<\/span> \r\n\t\t\t\t\t\t\t\t\t\t\t\t\t\t\t\t\t\t\t\t\t\t\t\t\t<span>10 cr\u00e9dits<\/span>\r\n\t\t\t\t\t\t\t\t\t\t\t\t\t\t\t<\/span>\r\n\t\t\t\t\t\t<\/div>\r\n\t\t\t\t\t\t<ul class=\"item-list list-unstyled p-0\">\r\n\t\t\t\t\t\t\t<li> 2,5 $ pour 10 cr\u00e9dits (un cours moyen)<\/li>\n<li> 5 $ pour 25 cr\u00e9dits<\/li>\n<li> 8.75 $ pour 50 cr\u00e9dits<\/li>\n<li> 15 $ pour 100 cr\u00e9dits<\/li>\t\t\t\t\t\t<\/ul>\r\n\t\t\t\t\t\t\t\t\t\t\t\t\t<a href=\"https:\/\/app.aicourseguru.com\/fr\" class=\"btn primary-btn primary-btn-4\">\r\n\t\t\t\t\t\t\t\tCommencer\t\t\t\t\t\t\t<\/a>\r\n\t\t\t\t\t\t\t\t\t\t\t<\/div>\r\n\t\t\t\t<\/div>\r\n\t\t\t\t\t<\/div>\r\n\t<\/div>\r\n<\/section>\r\n\r\n\t\t\t\t<\/div>\n\t\t\t\t<\/div>\n\t\t\t\t\t<\/div>\n\t\t<\/div>\n\t\t\t\t\t<\/div>\n\t\t<\/section>\n\t\t\t\t<\/div>\n\t\t","protected":false},"excerpt":{"rendered":"<p>Tarifs Home \/ Pricing Gratuit $0 30 cr\u00e9dits (cinq cours moyens) Export PDF Acc\u00e8s \u00e0 l\u2019\u00e9diteur basique Achat de cr\u00e9dits suppl\u00e9mentaires Commencer Premium $5 \/ mois 50 cr\u00e9dits (cinq cours moyens) Export PDF, Notion et SCORM Acc\u00e8s \u00e0 l\u2019\u00e9diteur avanc\u00e9 Cr\u00e9dits suppl\u00e9mentaires Commencer Cr\u00e9dits suppl\u00e9mentaires $2.5 \/ 10 cr\u00e9dits 2,5 $ pour 10 cr\u00e9dits (un [&hellip;]<\/p>\n","protected":false},"author":4,"featured_media":0,"parent":0,"menu_order":0,"comment_status":"closed","ping_status":"closed","template":"page-templates\/samu-template.php","meta":{"inline_featured_image":false,"footnotes":""},"class_list":["post-1698","page","type-page","status-publish","hentry"],"yoast_head":"<!-- This site is optimized with the Yoast SEO plugin v25.4 - https:\/\/yoast.com\/wordpress\/plugins\/seo\/ -->\n<title>Plan de tarification - AICourseGuru<\/title>\n<meta name=\"description\" content=\"Transformez vos fichiers ou vos id\u00e9es en le\u00e7ons joliment structur\u00e9es avec des quiz. Pas d&#039;encombrement LMS, pas de formatage manuel.\" \/>\n<meta name=\"robots\" content=\"index, follow, max-snippet:-1, max-image-preview:large, max-video-preview:-1\" \/>\n<link rel=\"canonical\" href=\"https:\/\/aicourseguru.com\/fr\/plan-de-tarification\/\" \/>\n<meta property=\"og:locale\" content=\"fr_FR\" \/>\n<meta property=\"og:type\" content=\"article\" \/>\n<meta property=\"og:title\" content=\"Plan de tarification - AICourseGuru\" \/>\n<meta property=\"og:description\" content=\"Transformez vos fichiers ou vos id\u00e9es en le\u00e7ons joliment structur\u00e9es avec des quiz. Pas d&#039;encombrement LMS, pas de formatage manuel.\" \/>\n<meta property=\"og:url\" content=\"https:\/\/aicourseguru.com\/fr\/plan-de-tarification\/\" \/>\n<meta property=\"og:site_name\" content=\"AICourseGuru\" \/>\n<meta property=\"article:modified_time\" content=\"2025-07-29T22:18:39+00:00\" \/>\n<meta name=\"twitter:card\" content=\"summary_large_image\" \/>\n<meta name=\"twitter:label1\" content=\"Dur\u00e9e de lecture estim\u00e9e\" \/>\n\t<meta name=\"twitter:data1\" content=\"1 minute\" \/>\n<script type=\"application\/ld+json\" class=\"yoast-schema-graph\">{\"@context\":\"https:\/\/schema.org\",\"@graph\":[{\"@type\":\"WebPage\",\"@id\":\"https:\/\/aicourseguru.com\/fr\/plan-de-tarification\/\",\"url\":\"https:\/\/aicourseguru.com\/fr\/plan-de-tarification\/\",\"name\":\"Plan de tarification - AICourseGuru\",\"isPartOf\":{\"@id\":\"https:\/\/aicourseguru.com\/fr\/#website\"},\"datePublished\":\"2023-09-06T03:37:52+00:00\",\"dateModified\":\"2025-07-29T22:18:39+00:00\",\"description\":\"Transformez vos fichiers ou vos id\u00e9es en le\u00e7ons joliment structur\u00e9es avec des quiz. Pas d'encombrement LMS, pas de formatage manuel.\",\"breadcrumb\":{\"@id\":\"https:\/\/aicourseguru.com\/fr\/plan-de-tarification\/#breadcrumb\"},\"inLanguage\":\"fr-FR\",\"potentialAction\":[{\"@type\":\"ReadAction\",\"target\":[\"https:\/\/aicourseguru.com\/fr\/plan-de-tarification\/\"]}]},{\"@type\":\"BreadcrumbList\",\"@id\":\"https:\/\/aicourseguru.com\/fr\/plan-de-tarification\/#breadcrumb\",\"itemListElement\":[{\"@type\":\"ListItem\",\"position\":1,\"name\":\"Accueil\",\"item\":\"https:\/\/aicourseguru.com\/fr\/\"},{\"@type\":\"ListItem\",\"position\":2,\"name\":\"Plan de tarification\"}]},{\"@type\":\"WebSite\",\"@id\":\"https:\/\/aicourseguru.com\/fr\/#website\",\"url\":\"https:\/\/aicourseguru.com\/fr\/\",\"name\":\"AICourseGuru\",\"description\":\"AI-powered course authoring tool.\",\"potentialAction\":[{\"@type\":\"SearchAction\",\"target\":{\"@type\":\"EntryPoint\",\"urlTemplate\":\"https:\/\/aicourseguru.com\/fr\/?s={search_term_string}\"},\"query-input\":{\"@type\":\"PropertyValueSpecification\",\"valueRequired\":true,\"valueName\":\"search_term_string\"}}],\"inLanguage\":\"fr-FR\"}]}<\/script>\n<!-- \/ Yoast SEO plugin. -->","yoast_head_json":{"title":"Plan de tarification - AICourseGuru","description":"Transformez vos fichiers ou vos id\u00e9es en le\u00e7ons joliment structur\u00e9es avec des quiz. Pas d'encombrement LMS, pas de formatage manuel.","robots":{"index":"index","follow":"follow","max-snippet":"max-snippet:-1","max-image-preview":"max-image-preview:large","max-video-preview":"max-video-preview:-1"},"canonical":"https:\/\/aicourseguru.com\/fr\/plan-de-tarification\/","og_locale":"fr_FR","og_type":"article","og_title":"Plan de tarification - AICourseGuru","og_description":"Transformez vos fichiers ou vos id\u00e9es en le\u00e7ons joliment structur\u00e9es avec des quiz. Pas d'encombrement LMS, pas de formatage manuel.","og_url":"https:\/\/aicourseguru.com\/fr\/plan-de-tarification\/","og_site_name":"AICourseGuru","article_modified_time":"2025-07-29T22:18:39+00:00","twitter_card":"summary_large_image","twitter_misc":{"Dur\u00e9e de lecture estim\u00e9e":"1 minute"},"schema":{"@context":"https:\/\/schema.org","@graph":[{"@type":"WebPage","@id":"https:\/\/aicourseguru.com\/fr\/plan-de-tarification\/","url":"https:\/\/aicourseguru.com\/fr\/plan-de-tarification\/","name":"Plan de tarification - AICourseGuru","isPartOf":{"@id":"https:\/\/aicourseguru.com\/fr\/#website"},"datePublished":"2023-09-06T03:37:52+00:00","dateModified":"2025-07-29T22:18:39+00:00","description":"Transformez vos fichiers ou vos id\u00e9es en le\u00e7ons joliment structur\u00e9es avec des quiz. Pas d'encombrement LMS, pas de formatage manuel.","breadcrumb":{"@id":"https:\/\/aicourseguru.com\/fr\/plan-de-tarification\/#breadcrumb"},"inLanguage":"fr-FR","potentialAction":[{"@type":"ReadAction","target":["https:\/\/aicourseguru.com\/fr\/plan-de-tarification\/"]}]},{"@type":"BreadcrumbList","@id":"https:\/\/aicourseguru.com\/fr\/plan-de-tarification\/#breadcrumb","itemListElement":[{"@type":"ListItem","position":1,"name":"Accueil","item":"https:\/\/aicourseguru.com\/fr\/"},{"@type":"ListItem","position":2,"name":"Plan de tarification"}]},{"@type":"WebSite","@id":"https:\/\/aicourseguru.com\/fr\/#website","url":"https:\/\/aicourseguru.com\/fr\/","name":"AICourseGuru","description":"AI-powered course authoring tool.","potentialAction":[{"@type":"SearchAction","target":{"@type":"EntryPoint","urlTemplate":"https:\/\/aicourseguru.com\/fr\/?s={search_term_string}"},"query-input":{"@type":"PropertyValueSpecification","valueRequired":true,"valueName":"search_term_string"}}],"inLanguage":"fr-FR"}]}},"_links":{"self":[{"href":"https:\/\/aicourseguru.com\/fr\/wp-json\/wp\/v2\/pages\/1698","targetHints":{"allow":["GET"]}}],"collection":[{"href":"https:\/\/aicourseguru.com\/fr\/wp-json\/wp\/v2\/pages"}],"about":[{"href":"https:\/\/aicourseguru.com\/fr\/wp-json\/wp\/v2\/types\/page"}],"author":[{"embeddable":true,"href":"https:\/\/aicourseguru.com\/fr\/wp-json\/wp\/v2\/users\/4"}],"replies":[{"embeddable":true,"href":"https:\/\/aicourseguru.com\/fr\/wp-json\/wp\/v2\/comments?post=1698"}],"version-history":[{"count":6,"href":"https:\/\/aicourseguru.com\/fr\/wp-json\/wp\/v2\/pages\/1698\/revisions"}],"predecessor-version":[{"id":1892,"href":"https:\/\/aicourseguru.com\/fr\/wp-json\/wp\/v2\/pages\/1698\/revisions\/1892"}],"wp:attachment":[{"href":"https:\/\/aicourseguru.com\/fr\/wp-json\/wp\/v2\/media?parent=1698"}],"curies":[{"name":"wp","href":"https:\/\/api.w.org\/{rel}","templated":true}]}}